{"id":939,"date":"2012-02-06T21:00:50","date_gmt":"2012-02-06T20:00:50","guid":{"rendered":"http:\/\/justintimeproductions.de\/?page_id=939"},"modified":"2017-07-06T19:41:07","modified_gmt":"2017-07-06T17:41:07","slug":"mohrenstrase-2300-uhr","status":"publish","type":"page","link":"http:\/\/justintimeproductions.de\/en\/works\/installation\/mohrenstrase-2300-uhr\/","title":{"rendered":"Unruly rabbits"},"content":{"rendered":"<p>Performance\/2-channel-video installation on surveillance monitors<\/p>\n<p>D 2008<\/p>\n<p>Two rabbits renamed street signs and station signs of the street Mohrenstra\u00dfe (German for &#8220;blackamoor&#8221;) into M\u00f6hrenstra\u00dfe (German for &#8220;carrot&#8221;). The Performance was taped with two cameras.\u00a0Installation at &#8220;Artikel 0&#8221; in the ministery of justice, located in Mohrenstr.37, Berlin, on surveillance monitors next to the surveillance monitors of the ministery.<\/p>\n<p>Picture installation view by Anja Weber<\/p>","protected":false},"excerpt":{"rendered":"<p>Performance\/2-channel-video installation on surveillance monitors D 2008 Two rabbits renamed street signs and station signs of the street Mohrenstra\u00dfe (German for &#8220;blackamoor&#8221;) into M\u00f6hrenstra\u00dfe (German for &#8220;carrot&#8221;). The Performance was taped with two cameras.\u00a0Installation at &#8220;Artikel 0&#8221; in the ministery &hellip; <a href=\"http:\/\/justintimeproductions.de\/en\/works\/installation\/mohrenstrase-2300-uhr\/\">Continue reading <span class=\"meta-nav\">&rarr;<\/span><\/a><\/p>\n","protected":false},"author":1,"featured_media":1651,"parent":50,"menu_order":0,"comment_status":"closed","ping_status":"closed","template":"slideshow.php","meta":[],"_links":{"self":[{"href":"http:\/\/justintimeproductions.de\/en\/wp-json\/wp\/v2\/pages\/939"}],"collection":[{"href":"http:\/\/justintimeproductions.de\/en\/wp-json\/wp\/v2\/pages"}],"about":[{"href":"http:\/\/justintimeproductions.de\/en\/wp-json\/wp\/v2\/types\/page"}],"author":[{"embeddable":true,"href":"http:\/\/justintimeproductions.de\/en\/wp-json\/wp\/v2\/users\/1"}],"replies":[{"embeddable":true,"href":"http:\/\/justintimeproductions.de\/en\/wp-json\/wp\/v2\/comments?post=939"}],"version-history":[{"count":15,"href":"http:\/\/justintimeproductions.de\/en\/wp-json\/wp\/v2\/pages\/939\/revisions"}],"predecessor-version":[{"id":1172,"href":"http:\/\/justintimeproductions.de\/en\/wp-json\/wp\/v2\/pages\/939\/revisions\/1172"}],"up":[{"embeddable":true,"href":"http:\/\/justintimeproductions.de\/en\/wp-json\/wp\/v2\/pages\/50"}],"wp:featuredmedia":[{"embeddable":true,"href":"http:\/\/justintimeproductions.de\/en\/wp-json\/wp\/v2\/media\/1651"}],"wp:attachment":[{"href":"http:\/\/justintimeproductions.de\/en\/wp-json\/wp\/v2\/media?parent=939"}],"curies":[{"name":"wp","href":"https:\/\/api.w.org\/{rel}","templated":true}]}}