{"id":2526,"date":"2026-04-24T15:09:27","date_gmt":"2026-04-24T13:09:27","guid":{"rendered":"https:\/\/justintimeproductions.de\/?page_id=2526"},"modified":"2026-04-24T15:09:27","modified_gmt":"2026-04-24T13:09:27","slug":"cv_-2","status":"publish","type":"page","link":"http:\/\/justintimeproductions.de\/en\/cv_-2\/","title":{"rendered":"cv"},"content":{"rendered":"<p><\/p>\n<div id=\"main\">\n<div id=\"primary\">\n<div id=\"content\" class=\"standardtemplate\" role=\"main\">\n<article id=\"post-2499\" class=\"post-2499 page type-page status-publish hentry\">\n<div class=\"entry-content\">\n<p>Justin Time is a stonemason turned visual artist turned filmmaker. He lives in Berlin. His films examine space and social dynamics. As a stonemason, Justin Time went on a traditional working journey around Europe for three years. He received an MFA at Art School Berlin Wei\u00dfensee and studied Urban Studies at San Francisco Art Institute and at filmArche Berlin. He was artist in residence at Villa Aurora, Los Angeles, in 2013 and received several grants and awards for his films.<\/p>\n<p><strong>Awards<\/strong><b><br \/>\n<\/b>2018 Audience Award Best Short Documentary \u2013 Slate Stories, Filmfest Eberswalde, D<br \/>\n2018 Miglior Film \/ Best Film \u2013<span class=\"Apple-converted-space\">\u00a0 <\/span>Chasing Houses, Lucania Film Festival, IT<br \/>\n2017 Best Documentary \u2013 Chasing Houses, New York Film Week, USA<\/p>\n<p><strong>Scholarships and Grants<br \/>\n<\/strong>2025 F\u00f6rderung Dezentrale Kulturarbeit Spandau f\u00fcr Denkmal Streicheln, Denkmal H\u00f6ren<br \/>\n2025 Spartenoffene F\u00f6rderung Berliner Senat f\u00fcr Nonbinary Superpower<br \/>\n2022 Recherchestipendium Berliner Senat<br \/>\n2021\/22 Neustart Kultur<br \/>\n2021 Initiative Drau\u00dfenstadt (BED Programm)<br \/>\n2021 Medienboard Berlin-Brandenburg<strong><br \/>\n<\/strong>2019 K\u00fcnstlerinnenprogrammm, Senate of Berlin<strong><br \/>\n<\/strong><b><\/b>2016 Stiwdio Maelor Artist Residency, Corris, Wales, GB<br \/>\n2015 K\u00fcnstlerinnenprogrammm, Senate of Berlin<br \/>\n2015 Stiftung Erinnerung-Verantwortung-Zukunft, Berlin<br \/>\n2015 St.-Pauli-Archiv Hamburg<br \/>\n2013 Villa Aurora artist residency, Los Angeles, CA, USA<br \/>\n2013 Medienboard Berlin Brandenburg<br \/>\n2012 Hauptstadtkulturfonds\/ Capital City Funds Berlin<br \/>\n2012 Bundesstiftung Magnus Hirschfeld<br \/>\n2003-2009 Academic scholarship, Hans B\u00f6ckler Foundation<br \/>\n2008 USA-Research scholarship, Hans B\u00f6ckler Foundation<\/p>\n<p><strong>Education and Training<\/strong><b><br \/>\n<\/b>2015 Artpaed, cultural education in open settings<br \/>\n2011-14 Member of filmArche, Berlin<br \/>\n2010 Master of Fine Arts (Meistersch\u00fcler), Berlin-Wei\u00dfensee School of Art<br \/>\n2008 Diplom Fine Arts\/ Sculpture<br \/>\n2006-07 Urban Studies MA Program, San Francisco Art Institute<br \/>\n2002-08 Fine Arts\/Sculpture, Berlin-Wei\u00dfensee School of Art<br \/>\n1999-2002 on tour as a traditional journeyperson stonemason<br \/>\n1996-99 Apprenticeship as stonemason\/sculptor, Duderstadt\/Kassel<\/p>\n<p><strong>Film Distribution<\/strong><b><br \/>\n<\/b>Arsenal \u2013 Institut f\u00fcr Film und Videokunst e.V.<br \/>\narsenal distribution<br \/>\nPotsdamer Str. 2<br \/>\nD-10785 Berlin<br \/>\nhttp:\/\/www.arsenal-berlin.de<\/p>\n<p><strong>Filmography<\/strong><br \/>\n2023 Close up Marx, 37 min<b><br \/>\n<\/b>2018 Slate Stories, 44 min<br \/>\n2017 Chasing Houses, 60 min<br \/>\n2016 \u2026 dass das heute noch immer so ist \u2013 Kontinuit\u00e4ten der Ausgrenzung \/ Continuities of Exclusion, 52 min<br \/>\n2012 Etikette \/ Labels, Video\/Installation, 15 min<br \/>\n2011 Ich bin ein Kunstwerk \/ I am a Work of Art, \u00a0Video, 8 min<br \/>\n2010 Monster, Video, 2 min<br \/>\n2008 M\u00f6hrenstra\u00dfe, 14 min\/Loop<br \/>\n2007 Toss it, Baby, Video, loop, 7 min<br \/>\n2007 Alter Egos, Video animation, 4 min<br \/>\n2006 Haunted House Ride, Video, 1 min<br \/>\n2005 Passing Suburbia, Video, 8 min\/loop<\/p>\n<p><strong>Exhibitions and Film Screenings (selected)<\/strong><b><br \/>\n<\/b>2026\u00a0 Caressing Monuments, Listening to Monuments, Zentrum f\u00fcr Aktuelle Kunst, ZAK, Zitadelle Spandau<br \/>\n2025\u00a0 Nonbinary Superpower, Vierte Welt, Berlin<br \/>\n2025 Caressing Monuments, Listening Monuments. Sensory Citiy Walks. Spandau<br \/>\n2025 ALLES VII, Studio im Hochhaus, Berlin<br \/>\n2025 I remember you. Sound installation, Memorial Sachsenhausen<br \/>\n2024 RE:VISION. 20 Jahre Kunstverein Tiergarten, Berlin<br \/>\n2023 Kasseler Dokfest, Close up Marx<br \/>\n2022 Gurren und Zwitschern. Tempor\u00e4res Denkmal im Wr\u00f6hm\u00e4nnerpark Spandau (mit Sabine Ercklentz)<br \/>\n2021 Onboarding. F\u00fcnf neue Mitglieder des Deutschen K\u00fcnstlerbundes,<b>\u00a0<\/b>Berlin<b><br \/>\n<\/b>2019 in between, Video-Screening, Galerie Nord\/ Moabiter Kunstfestival Ortstermin<br \/>\nKunstverein Tiergarten, Berlin, D<br \/>\n2019 Justin Time Short Film Program,\u00a0Galerie Kabinett.25, Berlin,D<br \/>\n2019 Happiness,\u00a0Galerie Kabinett.25, Berlin, D<b><br \/>\n<\/b>2019 <span class=\"\">Arquiteturas Film Festival,<\/span><span class=\"\"> Lisboa, Portugal<\/span><br \/>\n2019 16<sup>th<\/sup> RAI Film Festival 2019, ethnography \/ anthropology \/ archaeology, Bristol, UK<br \/>\n2018 Balkan Can Kino, Athens, GRC<br \/>\n2018 Provinziale, Filmfest Eberswalde, D<br \/>\n2018 Suburbinale, Gro\u00df Enzersdorf, AT<br \/>\n2018 Architektur.Sommer.Wien, Museumsquartier Wien<br \/>\n2018 Lucania Film Festival, Pisticci, IT<br \/>\n2018 Mobile Home Drive-In-Cinema, Wagenplatz Karpfenteich, Berlin, D<br \/>\n2018 Ethnocineca \u2013 International Documentary Film Festival Vienna, AT<br \/>\n2018 unDependence Film Festival, Stirling \/ Edinburgh, GB<br \/>\n2018 World Film Festival, Tartu, EST<br \/>\n2018 Soleluna Human Rights Film Festival, Milano, IT<br \/>\n2018 Female and Trans Workers in Construction, C\u00f6then, D<br \/>\n2018 Boddinale, Berlin, D<span class=\"Apple-converted-space\"><br \/>\n<\/span>2017 Biberacher Filmfestspiele, Biberach, D<br \/>\n2017 Filmfest Eberswalde, international competition, D<br \/>\n2017 Taiwan International Ethnographic Film Festival, Taipei, TW<br \/>\n2017 Suburbinale, Gro\u00df-Enzersdorf, A<br \/>\n2017 Durban International Film Festival, Durban, SZA<br \/>\n2017 New York Film Week, NYC, USA<br \/>\n2015 Homosexualit\u00e4t_en, German Historical Museum, Berlin, D<br \/>\n2015 Art[]Gender[]Art, Galleri KiT, Trondheim, NOR<br \/>\n2014 The Barjoy Chronicles: of One and Many, Art Gallery 2905, San Jose, CA, USA<br \/>\n2014 Hit Parade, PM Gallery, Toronto, CAN<br \/>\n2014 Vagabundenkongress, Stuttgart, D<br \/>\n2013 virtual borders \u2013 travelling lightly, Grenswerte, D\/NL<br \/>\n2013 Picturing Places Around the World \/ Remix. Video works from the collection of Video-Forum at Neuer Berliner Kunstverein (n.b.k.), in the framework of the Year of Germany in Russia 2012\/2013, BB NCCA, Kaliningrad, RUS<br \/>\n2013 Kunstraum AVUS, Kommunale Galerie Berlin<br \/>\n2012 trans*_homo, Schwules Museum, Berlin<br \/>\n2012 virtual borders, Saarl\u00e4ndische Galerie, Berlin<br \/>\n2012 to dyke_trans |dis_visualizing re_locating de_silencing|, Galerie Funke, Berlin<br \/>\n2011 Monsters, Collaborate Gallery, Oakland, CA, USA<br \/>\n2011 a.D., Kunsthalle Berlin-Wei\u00dfensee, Berlin<br \/>\n2011 Akkumulatornacht (6), Kurzsuechtig, Leipzig<br \/>\n2011 The World Will Devour You, So You Better Taste Good, e-flux, New York, USA<br \/>\n2010 Final MFA Show Art School Berlin-Wei\u00dfensee, Uferhallen, Berlin<br \/>\n2010 M\u00f6glichkeitsraum, Life of a Film Archive, Haus der Kulturen der Welt, Berlin<br \/>\n2010 Anadoma, Exhibit, Galerie auf Zeit, Braunschweig<br \/>\n2009 K\u00f6rper im Kino \u2013 Von Leinwandk\u00f6rpern und Zuschauerwahrnehmung, Arsenal, Berlin<br \/>\n2009 Internationale Kurzfilmtage, Oberhausen<br \/>\n2009 Sommerkino, Tempor\u00e4re Kunsthalle, Berlin<br \/>\n2009 ici Berlin, La Condition Publique, Lille-Roubaix, F<br \/>\n2008 Werkleitz Amerika, Werkleitz Festival Halle<br \/>\n2008 Motel Zimmer 501, AVUS Berlin<br \/>\n2008 I Have Hope Anyway, Umspannwerk Berlin<br \/>\n2008 Artikel 0, Federal Ministry of Justice, Berlin<br \/>\n2008 Que(e)rk\u00f6pfe, Galerie Nord Kunstverein Tiergarten, Berlin<br \/>\n2008 Stabile Unruhe, Consum Kulturzentrum, D\u00fcsseldorf<br \/>\n2008 Fenstersprung, Progr_zentrum f\u00fcr Kulturproduktion, Bern, CH<br \/>\n2008 Tape Modern Number 03, Tape Berlin, Heidestrasse Galerien<br \/>\n2007 Another Country, Worth Ryder Gallery, Berkeley, CA, USA<br \/>\n2007 A Poodle, No Horse and 25 Femmes, ATA, San Francisco, CA, USA<br \/>\n2007 Transcities Berlin-Bucuresti, Sala Dalles, Bucharest, RO<br \/>\n2006 Die neue Filmschau, Arsenal, Berlin<br \/>\n2006 Mobile Academy Warsaw, Kino Luna, Warsaw, PL<br \/>\n2006 How The West Was Won, LLGFF, National Film Theatre, London, GB<br \/>\n2006 Outfest, Los Angeles, CA, USA<br \/>\n2006 Closingtime, Quito, Ecuador, EC<br \/>\n2006 Reeling, Chicago, IL, USA<br \/>\n2005 Kunstfilmbiennale, Museum Ludwig, K\u00f6ln<br \/>\n2005 Passing Suburbia, Video foyer, K\u00fcnstlerhaus Saar, Saarbr\u00fccken<\/p>\n<p><strong>Curatorial projects<\/strong><b><br \/>\n<\/b>2012 trans*_homo, of lesbian trans*gays and other normalities, Gay Museum, Berlin<br \/>\n2010 Ordinary aliens longing for marriage in mysterious homelands, film program, Arsenal, Berlin<br \/>\n2010 Gender, Photography and beyond, series of workshops and events, Berlin-Wei\u00dfensee School of Art<br \/>\n2007 A Poodle, No Horse and 25 Femmes, Artists\u2019 Television Access, San Francisco\/USA<br \/>\n2007 Queer Readings, Salon, Artists\u2019 Television Access, San Francisco\/USA<br \/>\n2005 AlbTr\u00e4ume st\u00e4dtischer Hygiene, Galerie Nord, Kunstverein Tiergarten, Berlin<\/p>\n<p><strong>Talks &amp; Teaching (selected)<br \/>\n<\/strong><b><\/b>2024-26 Nichtbin\u00e4r Denken, Nichtbin\u00e4re Bilder, ASH Berlin<br \/>\n2022-2025 Machtsrukturen untersuchen mit Kunst &amp; Theorie, Evangelische Hochschule Berlin<br \/>\n2018 Freaks of Nature: Setting the Norm in the Natural Science Museum, as part of queer geh\u00f6rt, Lecture series, Johann Wolfgang Goethe-Universit\u00e4t Frankfurt am Main<br \/>\n2016 Gender and Diversity in the Media, Workshop, Naturfreundejugend, Berlin, D<br \/>\n2015 Mobile Work-Life Arrangements, Late-summer-school, Institue of Anthropology, University Freiburg<br \/>\n2015 Gender Sender, animation film workshops, Trans*InterQueer e.V., Berlin<br \/>\n2015 Flying over Gropiusstadt, animation film workshop, Stadtvilla global, Berlin<br \/>\n2013 Exploring highly mobile life-worlds, panel, SIEF-conference, Tartu, EST<br \/>\n2013 Artist Talk, Scripps College, Claremont, CA, USA<span class=\"Apple-converted-space\"><br \/>\n<\/span>2004\/05 Co-direction of the 2-semester project seminar, Fremdk\u00f6rper-Hygiene-Raum; University of the Arts Berlin, with Isabell Lorey, Desir\u00e9e Pilz, Jakob Schmidt<\/p>\n<\/div>\n<\/article>\n<\/div>\n<\/div>\n<\/div>\n<p><\/p>","protected":false},"excerpt":{"rendered":"<p>Justin Time is a stonemason turned visual artist turned filmmaker. He lives in Berlin. His films examine space and social dynamics. As a stonemason, Justin Time went on a traditional working journey around Europe for three years. He received an &hellip; <a href=\"http:\/\/justintimeproductions.de\/en\/cv_-2\/\">Continue reading <span class=\"meta-nav\">&rarr;<\/span><\/a><\/p>\n","protected":false},"author":1,"featured_media":0,"parent":0,"menu_order":0,"comment_status":"closed","ping_status":"closed","template":"","meta":[],"_links":{"self":[{"href":"http:\/\/justintimeproductions.de\/en\/wp-json\/wp\/v2\/pages\/2526"}],"collection":[{"href":"http:\/\/justintimeproductions.de\/en\/wp-json\/wp\/v2\/pages"}],"about":[{"href":"http:\/\/justintimeproductions.de\/en\/wp-json\/wp\/v2\/types\/page"}],"author":[{"embeddable":true,"href":"http:\/\/justintimeproductions.de\/en\/wp-json\/wp\/v2\/users\/1"}],"replies":[{"embeddable":true,"href":"http:\/\/justintimeproductions.de\/en\/wp-json\/wp\/v2\/comments?post=2526"}],"version-history":[{"count":2,"href":"http:\/\/justintimeproductions.de\/en\/wp-json\/wp\/v2\/pages\/2526\/revisions"}],"predecessor-version":[{"id":2528,"href":"http:\/\/justintimeproductions.de\/en\/wp-json\/wp\/v2\/pages\/2526\/revisions\/2528"}],"wp:attachment":[{"href":"http:\/\/justintimeproductions.de\/en\/wp-json\/wp\/v2\/media?parent=2526"}],"curies":[{"name":"wp","href":"https:\/\/api.w.org\/{rel}","templated":true}]}}