{"id":154,"date":"2012-01-11T19:12:12","date_gmt":"2012-01-11T18:12:12","guid":{"rendered":"http:\/\/stylespace.de\/?page_id=154"},"modified":"2017-07-06T19:42:15","modified_gmt":"2017-07-06T17:42:15","slug":"ich-dachte-ich-wurde-stinken","status":"publish","type":"page","link":"http:\/\/justintimeproductions.de\/en\/works\/installation\/ich-dachte-ich-wurde-stinken\/","title":{"rendered":"I thought I stank"},"content":{"rendered":"<p>6-channel-sound installation<br \/>\nVoice: Ute Springer<br \/>\n15 min, Loop<br \/>\nD 2013<br \/>\n6+2 speakers, lights, motion detector<br \/>\nInstallation view Uferhallen Berlin<\/p>\n<p>Sound collage out of \u00a06 interviews with bullying victims and perpetrators, transcribed and respoken by a single voice.\u00a0Installation in a dark basement well in <em>Uferhallen Berlin<\/em>.<\/p>\n<p>ER HAT VERSUCHT, DASS ICH DIE K\u00dcNDIGUNG AUSSPRECHE &#8212; ICH KRIEG ABSOLUTE ANGSTZUST\u00c4NDE AUF ARBEIT, WEIL ICH MICH F\u00dcRCHTE, FEHLER ZU MACHEN, WEIL ICH MICH F\u00dcRCHTE, DASS GENAU DAS, WAS ER GESAGT HAT, DASS DASS DAS PASSIEREN WIRD &#8212; ICH KANN SO NICHT WEITERARBEITEN, ES GEHT NICHT, ER HAT DAS BEI MIR TATS\u00c4CHLICH GESCHAFFT, DIESEN ZWEIFEL AN MEINER KOMPETENZ, WIE EIN SCHWELBRAND &#8212; UND DANN ANGEFANGEN HABE SO NE PSYCHOMACKE ZU ENTWICKELN, WEIL ICH DIE GANZE ZEIT \u00dcBERLEGT HABE, WAS K\u00d6NNTEN DIE GEGEN MICH HABEN UND ICH GEDACHT HABE, ICH W\u00dcRDE STINKEN UND ICH 2, 3 MAL AM TAG GEDUSCHT HABE UND TOTAL VIEL DEO BENUTZT HABE &#8212; ICH GLAUB SCHON, DASS INSGESAMT VIELE VOR UNS SCHI\u00df HATTEN &#8212; ICH HAB JEDEN MORGEN IN DER U-BAHN GESESSEN UND GEHEULT WENN ICH DA HIN MUSSTE &#8212; UND IRGENDWANN KAM SIE MAL AUF MICH ZU UND MEINTE, SIE W\u00dcRDE GERNE MAL MIT MIR REDEN, UND OB WIR UNSERN KONFLIKT NICHT MAL BEILEGEN K\u00d6NNTEN, UND ICH HAB SIE NUR SO ANGEGUCKT \u201eH\u00c4 WAS? UNSERN KONFLIKT? N\u00d6\u00d6\u201c. UND HAB MICH UMGEDREHT UND BIN GEGANGEN &#8212; DAS WAR EIN UNGLAUBLICH MACHTLOSES GEF\u00dcHL, EINE UNGLAUBLICHE MACHTLOSIGKEI &#8212; DASS ICH MICH AUCH IMMER FRAGE \u201eWARUM?\u201c ICH FRAGE MICH IMMER \u201eWARUM?\u201c &#8212; SICH ALS EIN EINZIGES DEFIZIT ZU F\u00dcHLEN &#8212; UND DANN WAR DAS JA SO: DIE HAT MICH TOTAL GENERVT, ICH HAB MICH ALS OPFER GEF\u00dcHLT &#8212; UND AUF EINMAL MACHEN ALLE MIT.<\/p>\n<p>&nbsp;<\/p>\n<p>&nbsp;<\/p>\n<p style=\"text-align: left;\"><a href=\"http:\/\/justintimeproductions.de\/works\/installation\/ich-dachte-ich-wurde-stinken\/ich_dachte_ich_wurde1_website\/\" rel=\"attachment wp-att-355\"><br \/>\n<\/a><\/p>\n<p>&nbsp;<\/p>","protected":false},"excerpt":{"rendered":"<p>6-channel-sound installation Voice: Ute Springer 15 min, Loop D 2013 6+2 speakers, lights, motion detector Installation view Uferhallen Berlin Sound collage out of \u00a06 interviews with bullying victims and perpetrators, transcribed and respoken by a single voice.\u00a0Installation in a dark &hellip; <a href=\"http:\/\/justintimeproductions.de\/en\/works\/installation\/ich-dachte-ich-wurde-stinken\/\">Continue reading <span class=\"meta-nav\">&rarr;<\/span><\/a><\/p>\n","protected":false},"author":1,"featured_media":1622,"parent":50,"menu_order":0,"comment_status":"closed","ping_status":"closed","template":"slideshow.php","meta":[],"_links":{"self":[{"href":"http:\/\/justintimeproductions.de\/en\/wp-json\/wp\/v2\/pages\/154"}],"collection":[{"href":"http:\/\/justintimeproductions.de\/en\/wp-json\/wp\/v2\/pages"}],"about":[{"href":"http:\/\/justintimeproductions.de\/en\/wp-json\/wp\/v2\/types\/page"}],"author":[{"embeddable":true,"href":"http:\/\/justintimeproductions.de\/en\/wp-json\/wp\/v2\/users\/1"}],"replies":[{"embeddable":true,"href":"http:\/\/justintimeproductions.de\/en\/wp-json\/wp\/v2\/comments?post=154"}],"version-history":[{"count":36,"href":"http:\/\/justintimeproductions.de\/en\/wp-json\/wp\/v2\/pages\/154\/revisions"}],"predecessor-version":[{"id":1577,"href":"http:\/\/justintimeproductions.de\/en\/wp-json\/wp\/v2\/pages\/154\/revisions\/1577"}],"up":[{"embeddable":true,"href":"http:\/\/justintimeproductions.de\/en\/wp-json\/wp\/v2\/pages\/50"}],"wp:featuredmedia":[{"embeddable":true,"href":"http:\/\/justintimeproductions.de\/en\/wp-json\/wp\/v2\/media\/1622"}],"wp:attachment":[{"href":"http:\/\/justintimeproductions.de\/en\/wp-json\/wp\/v2\/media?parent=154"}],"curies":[{"name":"wp","href":"https:\/\/api.w.org\/{rel}","templated":true}]}}